{"id":320,"date":"2025-11-28T16:46:43","date_gmt":"2025-11-28T15:46:43","guid":{"rendered":"https:\/\/lubieotaczacsie.pl\/?page_id=320"},"modified":"2025-11-28T16:46:43","modified_gmt":"2025-11-28T15:46:43","slug":"polityka-prywatnosci","status":"publish","type":"page","link":"https:\/\/lubieotaczacsie.pl\/?page_id=320","title":{"rendered":"Polityka Prywatno\u015bci"},"content":{"rendered":"\n<p><strong>POLITYKA PRYWATNO\u015aCI<\/strong><\/p>\n\n\n\n<p>Niniejsza Polityka stanowi podstawow\u0105 informacj\u0119 o celach, sposobach przetwarzania oraz bezpiecze\u0144stwie Twoich danych osobowych, jako u\u017cytkownika strony: www.lubieotaczacsie.pl &nbsp;(zwanej dalej Stron\u0105). Zapoznaj\u0105c si\u0119 z Polityk\u0105 prywatno\u015bci dowiesz si\u0119 kto jest administratorem Twoich danych osobowych, jakie dane osobowe s\u0105 przez Stron\u0119 zbierane, w jakich celach s\u0105 wykorzystywane oraz jak s\u0105 chronione.<\/p>\n\n\n\n<p><strong>\u00a71. Informacje podstawowe.<\/strong><\/p>\n\n\n\n<ol class=\"wp-block-list\">\n<li>Administratorem Twoich danych osobowych jest: <em>Agnieszka Strzelczyk prowadz\u0105ca dzia\u0142alno\u015b\u0107 nierejestrowan\u0105 z siedzib\u0105 w Warszawie (01-234), ul. Kasprzaka 31B\/630.<\/em><\/li>\n\n\n\n<li>Kontakt z Administratorem jest mo\u017cliwy za po\u015brednictwem:<\/li>\n\n\n\n<li>poczty e-mail: <a href=\"mailto:lubie.otaczac.sie@\">lubie.otaczac.sie@<\/a>gmail.com<\/li>\n\n\n\n<li>telefonicznie: 501-707-178<\/li>\n<\/ol>\n\n\n\n<p><strong>\u00a72. Zasady przetwarzania danych.<\/strong><\/p>\n\n\n\n<ol class=\"wp-block-list\">\n<li>Administrator przetwarza dane osobowe z poszanowaniem nast\u0119puj\u0105cych zasad:<\/li>\n\n\n\n<li>w oparciu o podstaw\u0119 prawn\u0105 i zgodnie z prawem (legalizm);<\/li>\n\n\n\n<li>rzetelnie i uczciwie (rzetelno\u015b\u0107);<\/li>\n\n\n\n<li>w spos\u00f3b przejrzysty dla osoby, kt\u00f3rej dane dotycz\u0105 (transparentno\u015b\u0107);<\/li>\n\n\n\n<li>w konkretnych celach i nie \u201ena zapas\u201d (minimalizacja);<\/li>\n\n\n\n<li>nie wi\u0119cej ni\u017c potrzeba (adekwatno\u015b\u0107);<\/li>\n\n\n\n<li>z dba\u0142o\u015bci\u0105 o prawid\u0142owo\u015b\u0107 danych (prawid\u0142owo\u015b\u0107);<\/li>\n\n\n\n<li>nie d\u0142u\u017cej ni\u017c potrzeba (czasowo\u015b\u0107);<\/li>\n\n\n\n<li>zapewniaj\u0105c odpowiednie bezpiecze\u0144stwo danych (bezpiecze\u0144stwo).<\/li>\n<\/ol>\n\n\n\n<p><strong>\u00a73. Cele, podstawy prawne i zakres przetwarzania danych.<\/strong><\/p>\n\n\n\n<ol class=\"wp-block-list\">\n<li><a>Twoje dane b\u0119d\u0105 przetwarzane:<\/a><\/li>\n\n\n\n<li>w celach kontaktowych, aby udzieli\u0107 Ci odpowiedzi na Twoj\u0105 wiadomo\u015b\u0107 przes\u0142an\u0105 \u00a0bezpo\u015brednio drog\u0105 e-mailow\u0105, za po\u015brednictwem kana\u0142u Social Media (Instagram) lub w odpowiedzi na kontakt telefoniczny na podstawie realizacji prawnie uzasadnionego interesu Administratora zwi\u0105zanego z konieczno\u015bci\u0105 udzielenia Ci odpowiedzi;<\/li>\n\n\n\n<li>w celach informacyjnych, aby przekazywa\u0107 Ci wa\u017cne informacje dotycz\u0105ce us\u0142ug, z kt\u00f3rych korzystasz za po\u015brednictwem mojej Strony;<\/li>\n\n\n\n<li><a>w celach zwi\u0105zanych z prowadzeniem przeze mnie profilu na Instagramie, na zasadach okre\u015blonych przez w\u0142a\u015bcicieli danej platformy i informowania w nim, o \u00a0moich produktach, promocjach i innych wiadomo\u015bciach dotycz\u0105cych mojej dzia\u0142alno\u015bci, co uwa\u017cam za prawnie uzasadniony interes;<\/a><\/li>\n<\/ol>\n\n\n\n<ul class=\"wp-block-list\">\n<li>\u00a0w celach technicznych przy u\u017cyciu plik\u00f3w cookies (ciasteczka techniczne), na podstawie realizacji prawnie uzasadnionego interesu Administratora, zwi\u0105zanego z prawid\u0142owym dzia\u0142aniem i funkcjonowaniem Strony;<\/li>\n\n\n\n<li>\u00a0w celach statystycznych i analitycznych, je\u015bli wyrazi\u0142e\u015b zgod\u0119 na wykorzystanie \u00a0plik\u00f3w cookies do cel\u00f3w analitycznych (ciasteczka analityczne);<\/li>\n\n\n\n<li>\u00a0w celach marketingowych, je\u015bli wyrazi\u0142e\u015b zgod\u0119 na wykorzystanie plik\u00f3w cookies do cel\u00f3w marketingowych (ciasteczka marketingowe);<\/li>\n\n\n\n<li>\u00a0w celach archiwizacji numer\u00f3w telefon\u00f3w, wiadomo\u015bci, e-maili, na podstawie realizacji prawnie uzasadnionego interesu Administratora, zwi\u0105zanego z ochron\u0105 przed roszczeniami;<\/li>\n\n\n\n<li>w celu analizy informacji anonimowych. To informacje gromadzone za po\u015brednictwem mojej Strony, takie jak: informacje o przegl\u0105darce, systemie operacyjnym, urz\u0105dzeniu, czasie sp\u0119dzonym na stronie, przej\u015bciach mi\u0119dzy stronami, klikni\u0119ciach w linki, przybli\u017cona lokalizacja, przedzia\u0142 wieku, p\u0142e\u0107. Informacje te s\u0105 zanonimizowane, s\u0105 zbierane za po\u015brednictwem system\u00f3w reklamowych i analitycznych naszych partner\u00f3w. Nie pozwalaj\u0105 na identyfikacj\u0119 i przypisanie ich do konkretnego u\u017cytkownika. Informacje te s\u0142u\u017c\u0105 do dzia\u0142a\u0144 marketingowych, analitycznych i statystycznych.<\/li>\n<\/ul>\n\n\n\n<ul class=\"wp-block-list\">\n<li>Twoje dane przetwarzane s\u0105:<\/li>\n\n\n\n<li>je\u015bli prze\u015blesz mi wiadomo\u015b\u0107 drog\u0105 mailow\u0105, za pomoc\u0105 Instagrama lub przeka\u017cesz informacje drog\u0105 telefoniczn\u0105, to b\u0119d\u0119 przetwarza\u0107 dane, kt\u00f3re b\u0119d\u0105 w tej wiadomo\u015bci zawarte. Przekazanie mi danych w ten spos\u00f3b nast\u0119puje dobrowolnie. W ka\u017cdym czasie mo\u017cesz zwr\u00f3ci\u0107 si\u0119 do mnie z pro\u015bb\u0105, o usuni\u0119cie tych danych;<\/li>\n\n\n\n<li>je\u015bli polubisz post, zostawisz komentarz, napiszesz, zareagujesz lub w inny spos\u00f3b do\u0142\u0105czysz do mojego profilu w mediach spo\u0142eczno\u015bciowych (Instagram) b\u0119d\u0119 przetwarza\u0107 Twoje dane, kt\u00f3re poda\u0142e\u015b w danym medium i do kt\u00f3rych b\u0119d\u0119 mia\u0142a dost\u0119p. W celu zako\u0144czenia przetwarzania, mo\u017cesz zako\u0144czy\u0107 subskrypcj\u0119 mojego profilu;<\/li>\n<\/ul>\n\n\n\n<ul class=\"wp-block-list\">\n<li>pozosta\u0142e dane, kt\u00f3re s\u0105 przetwarzane to adres IP i inne dane zapisywane w plikach cookies. To Ty decydujesz, w jakim zakresie b\u0119d\u0119 mog\u0142a wykorzysta\u0107 pliki cookies z Twoimi danymi. Przekazanie danych w ten spos\u00f3b nast\u0119puje dobrowolnie. W ka\u017cdym czasie mo\u017cesz zmieni\u0107 swoje preferencje. Mo\u017cesz to zrobi\u0107 w swojej przegl\u0105darce internetowej lub te\u017c po usuni\u0119ciu zapisanych plik\u00f3w cookies pochodz\u0105cych z mojej Strony;<\/li>\n\n\n\n<li>korzystania z API (interfejs\u00f3w programistycznych aplikacji) dostarczanych przez zewn\u0119trznych partner\u00f3w w celu zintegrowania r\u00f3\u017cnych funkcjonalno\u015bci, takich jak mapy, us\u0142ugi analityczne, reklamowe czy media spo\u0142eczno\u015bciowe. Korzystanie z tych API mo\u017ce prowadzi\u0107 do tworzenia dodatkowych ciasteczek lub korzystania z istniej\u0105cych ciasteczek w celu przetwarzania danych u\u017cytkownik\u00f3w. Zewn\u0119trzni partnerzy mog\u0105 przechowywa\u0107 i przetwarza\u0107 te dane zgodnie z w\u0142asnymi politykami prywatno\u015bci.<\/li>\n<\/ul>\n\n\n\n<p class=\"has-text-align-center\"><a>\u00a74. Na Stronie nie dokonuj\u0119 automatycznego profilowania.<\/a><\/p>\n\n\n\n<ol start=\"1\" class=\"wp-block-list\">\n<li>Na Stronie nie korzystam z automatycznego profilowania, w celu tworzenia kampanii marketingowych w oparciu o mierzenie aktywno\u015bci u\u017cytkownika, dzi\u0119ki kt\u00f3remu by\u0142abym w stanie skierowa\u0107 wybrany przeze mnie materia\u0142 reklamowy do precyzyjnie wskazanego u\u017cytkownika.\u00a0<\/li>\n\n\n\n<li>Cho\u0107 korzystam z system\u00f3w reklamowych moich partner\u00f3w (Facebook, Google) to informacje i dane, kt\u00f3re pozyskuj\u0105 na temat Twojej aktywno\u015bci na Stronie, na podstawie kt\u00f3rych mog\u0119 tworzy\u0107 kampanie marketingowe, nie s\u0105 profilowaniem automatycznym, poniewa\u017c na ich podstawie nie jestem w stanie podj\u0105\u0107 decyzji w stosunku do Ciebie, jako do konkretnego u\u017cytkownika (np. pokazanie Ci konkretnej reklamy). Reklamy mog\u0119 tworzy\u0107 wy\u0142\u0105cznie dla grup u\u017cytkownik\u00f3w, w oparciu o og\u00f3lne dane statystyczne dostarczone przez partner\u00f3w. Nie jestem w stanie sprawi\u0107, by na podstawie danych dotycz\u0105cych aktywno\u015bci, konkretny u\u017cytkownik zobaczy\u0142 wybran\u0105 przeze mnie reklam\u0119.<\/li>\n\n\n\n<li>Wi\u0119cej informacji o tym jak moi partnerzy dokonuj\u0105 profilowania u\u017cytkownik\u00f3w i tworz\u0105 grupy odbiorc\u00f3w znajdziesz w ich politykach prywatno\u015bci w paragrafie ni\u017cej.<\/li>\n<\/ol>\n\n\n\n<p class=\"has-text-align-center\"><strong>\u00a75. Odbiorcy danych oraz zamiar przekazywania danych do Pa\u0144stwa spoza EOG lub organizacji mi\u0119dzynarodowej.<\/strong><\/p>\n\n\n\n<ol class=\"wp-block-list\">\n<li>W zale\u017cno\u015bci od celu w jakim przetwarzam Twoje dane, odbiorcami Twoich danych osobowych mog\u0105 by\u0107:<\/li>\n\n\n\n<li>urz\u0119dy pa\u0144stwowe i inne instytucje publiczne, w zakresie, w jakim obowi\u0105zki przekazywania danych wynikaj\u0105 z przepis\u00f3w prawa obowi\u0105zuj\u0105cego na terytorium Rzeczypospolitej Polskiej, w celach zwi\u0105zanych z realizacj\u0105 obowi\u0105zk\u00f3w prawnych ci\u0105\u017c\u0105cych na administratorze, takich jak dochodzenie roszcze\u0144 prawnych, realizacja zobowi\u0105za\u0144 podatkowych oraz inne post\u0119powania regulowane przez odpowiednie przepisy prawa;<\/li>\n\n\n\n<li>dostawca oprogramowania Strony (hosting, serwer, domena);<\/li>\n\n\n\n<li>podmiot zajmuj\u0105cy si\u0119 obs\u0142ug\u0105 programistyczn\u0105 Strony; dostawca oprogramowania do przechowywania danych i dokument\u00f3w w chmurze;<\/li>\n\n\n\n<li>\u00a0\u00a0dostawca oprogramowania do zarz\u0105dzania ciasteczkami i zakresem przetwarzanych danych;<\/li>\n\n\n\n<li><a>\u00a0je\u015bli wyrazi\u0142e\u015b zgod\u0119 na ciasteczka marketingowe, Twoje dane zapisane w plikach cookies, b\u0119d\u0105 przekazane do moich partner\u00f3w reklamowych (Facebook, Google);<\/a><\/li>\n\n\n\n<li>\u00a0je\u015bli wyrazi\u0142e\u015b zgod\u0119 na ciasteczka analityczne, Twoje dane zapisane w plikach cookies, b\u0119d\u0105 przetwarzane przez podmiot dostarczaj\u0105cy oprogramowanie do analizy ruchu na Stronie (np. Google Analytics)<\/li>\n\n\n\n<li>Twoje dane nie s\u0105 przekazywane do Pa\u0144stw spoza EOG lub organizacji mi\u0119dzynarodowych, za wyj\u0105tkiem przypadk\u00f3w przetwarzania danych przez podmioty:<\/li>\n\n\n\n<li>Google Inc. z siedzib\u0105 w USA w zakresie analityki ruchu na stronie w systemie Google Analytics oraz dostarczania dodatkowych funkcji (takich jak Google Maps, Google Search Console) zwi\u0105zanych z prawid\u0142owym funkcjonowaniem Strony oraz wy\u015bwietlaniem wynik\u00f3w wyszukiwania. <a href=\"https:\/\/policies.google.com\/privacy?hl=pl\">Zobacz jak Google przetwarza i chroni Twoje dane.<\/a> <a href=\"https:\/\/tools.google.com\/dlpage\/gaoptout\/\">Ten dodatek do przegl\u0105darki<\/a> umo\u017cliwi Ci zarz\u0105dzanie zakresem i poziomem dost\u0119pu do danych zbieranych przez Google Analytics;<\/li>\n\n\n\n<li>Google Inc. z siedzib\u0105 w USA w zakresie reklam i mierzenia ich skuteczno\u015bci w systemie Google Ads. <a href=\"https:\/\/policies.google.com\/privacy?hl=pl\">Zobacz jak Google przetwarza i chroni Twoje dane;<\/a><\/li>\n\n\n\n<li>Facebook Inc. z siedzib\u0105 w USA w zakresie obs\u0142ugi konta i dost\u0119pu do danych w serwisach spo\u0142eczno\u015bciowych (Facebook, Instagram), reklam i mierzenia ich skuteczno\u015bci zwi\u0105zanych z instalacj\u0105 na stronie piksela Facebooka oraz API Konwersji. Zobacz jak<a href=\"https:\/\/www.facebook.com\/business\/gdpr\"> Facebook przetwarza i chroni Twoje dane<\/a>;<\/li>\n\n\n\n<li>Google Inc. z siedzib\u0105 w USA w zakresie oprogramowania dysku wirtualnego s\u0142u\u017c\u0105cego do przechowywania dokumentacji firmowej (dokumentacja obs\u0142ugi procesu obs\u0142ugi klienta i kontrahenta oraz dokumentacja RODO). Zobacz jak <a href=\"https:\/\/support.google.com\/drive\/answer\/10375054?hl=pl\">Google chroni Twoje dane<\/a>;<\/li>\n\n\n\n<li>Google Inc. z siedzib\u0105 w USA w zakresie obs\u0142ugi osadzonych na stronie film\u00f3w z przegl\u0105darki YouTube. Google zbiera dane dotycz\u0105ce Twoich preferencji, aktywno\u015bci zwi\u0105zanych z ogl\u0105daniem film\u00f3w, co mo\u017ce mie\u0107 wp\u0142yw na wy\u015bwietlane reklamy oraz kszta\u0142t Twoich playlist. Zobacz jak <a href=\"https:\/\/www.youtube.com\/intl\/ALL_pl\/howyoutubeworks\/user-settings\/privacy\/\">YouTube dba o prywatno\u015b\u0107 Twoich danych.<\/a><\/li>\n<\/ol>\n\n\n\n<p><strong>\u00a76. Termin przechowywania danych.<\/strong><\/p>\n\n\n\n<ol class=\"wp-block-list\">\n<li>Nie jestem w stanie okre\u015bli\u0107 jednego okresu przez kt\u00f3ry b\u0119d\u0105 przetwarzane Twoje dane.<\/li>\n\n\n\n<li>Je\u015bli przekaza\u0142e\u015b mi swoje dane w wiadomo\u015bci przes\u0142anej drog\u0105 mailow\u0105, telefonicznie lub za po\u015brednictwem medi\u00f3w spo\u0142eczno\u015bciowych, na kt\u00f3rych mam swoje firmowe profile, to Twoje dane b\u0119d\u0105 przetwarzane do momentu z\u0142o\u017cenia przez Ciebie \u017c\u0105dania usuni\u0119cia tych danych lub sprzeciwu wobec przetwarzania, ale r\u00f3wnie\u017c w przypadku, w kt\u00f3rym uznamy, \u017ce zrealizowa\u0142am prawnie uzasadniony interes Administratora. \u00a0<\/li>\n<\/ol>\n\n\n\n<p><a><\/a><strong>\u00a77. Prawa u\u017cytkownik\u00f3w.<\/strong><\/p>\n\n\n\n<ol class=\"wp-block-list\">\n<li>W zwi\u0105zku z przetwarzaniem Twoich danych przys\u0142uguj\u0105 Ci nast\u0119puj\u0105ce prawa:<\/li>\n\n\n\n<li>dost\u0119pu do tre\u015bci swoich danych oraz prawo ich sprostowania, usuni\u0119cia, ograniczenia przetwarzania;<\/li>\n\n\n\n<li>prawo do przenoszenia danych;<\/li>\n\n\n\n<li>prawo wniesienia sprzeciwu;<\/li>\n\n\n\n<li>prawo do cofni\u0119cia zgody na ich przetwarzanie w dowolnym momencie i w dowolnej formie, chyba \u017ce przetwarzanie danych odbywa si\u0119 w celu wykonywania umowy przez Administratora, w celu wywi\u0105zania si\u0119 przez Administratora z obowi\u0105zk\u00f3w prawnych wzgl\u0119dem instytucji pa\u0144stwowych lub w celu realizacji prawnie uzasadnionych interes\u00f3w Administratora.<\/li>\n\n\n\n<li>Wi\u0119cej informacji w przedmiocie ochrony danych osobowych, znajdziesz na stronie internetowej Urz\u0119du Ochrony Danych Osobowych: <a href=\"http:\/\/www.uodo.gov.pl\">www.uodo.gov.pl<\/a><\/li>\n<\/ol>\n","protected":false},"excerpt":{"rendered":"<p>POLITYKA PRYWATNO\u015aCI Niniejsza Polityka stanowi podstawow\u0105 informacj\u0119 o celach, sposobach przetwarzania oraz bezpiecze\u0144stwie Twoich danych osobowych, jako u\u017cytkownika strony: www.lubieotaczacsie.pl &nbsp;(zwanej dalej Stron\u0105). Zapoznaj\u0105c si\u0119 z Polityk\u0105 prywatno\u015bci dowiesz si\u0119 kto jest administratorem Twoich danych osobowych, jakie dane osobowe s\u0105 przez Stron\u0119 zbierane, w jakich celach s\u0105 wykorzystywane oraz jak s\u0105 chronione. \u00a71. Informacje podstawowe. [&hellip;]<\/p>\n","protected":false},"author":1,"featured_media":0,"parent":0,"menu_order":0,"comment_status":"closed","ping_status":"closed","template":"","meta":{"footnotes":""},"class_list":["post-320","page","type-page","status-publish","hentry"],"_links":{"self":[{"href":"https:\/\/lubieotaczacsie.pl\/index.php?rest_route=\/wp\/v2\/pages\/320","targetHints":{"allow":["GET"]}}],"collection":[{"href":"https:\/\/lubieotaczacsie.pl\/index.php?rest_route=\/wp\/v2\/pages"}],"about":[{"href":"https:\/\/lubieotaczacsie.pl\/index.php?rest_route=\/wp\/v2\/types\/page"}],"author":[{"embeddable":true,"href":"https:\/\/lubieotaczacsie.pl\/index.php?rest_route=\/wp\/v2\/users\/1"}],"replies":[{"embeddable":true,"href":"https:\/\/lubieotaczacsie.pl\/index.php?rest_route=%2Fwp%2Fv2%2Fcomments&post=320"}],"version-history":[{"count":2,"href":"https:\/\/lubieotaczacsie.pl\/index.php?rest_route=\/wp\/v2\/pages\/320\/revisions"}],"predecessor-version":[{"id":324,"href":"https:\/\/lubieotaczacsie.pl\/index.php?rest_route=\/wp\/v2\/pages\/320\/revisions\/324"}],"wp:attachment":[{"href":"https:\/\/lubieotaczacsie.pl\/index.php?rest_route=%2Fwp%2Fv2%2Fmedia&parent=320"}],"curies":[{"name":"wp","href":"https:\/\/api.w.org\/{rel}","templated":true}]}}